{"id":2,"date":"2022-12-31T13:35:57","date_gmt":"2022-12-31T13:35:57","guid":{"rendered":"https:\/\/boucherie.vamtam.com\/?page_id=2"},"modified":"2022-12-31T13:35:57","modified_gmt":"2022-12-31T13:35:57","slug":"dieu-khoan-va-dieu-kien","status":"publish","type":"page","link":"https:\/\/cafein.vn\/vi\/terms-conditions\/","title":{"rendered":"\u0110i\u1ec1u kho\u1ea3n &amp; \u0110i\u1ec1u ki\u1ec7n"},"content":{"rendered":"<div data-elementor-type=\"wp-page\" data-elementor-id=\"2\" class=\"elementor elementor-2\" data-elementor-post-type=\"page\">\n\t\t\t\t\t\t<section class=\"elementor-section elementor-top-section elementor-element elementor-element-328f92c elementor-section-boxed elementor-section-height-default elementor-section-height-default\" data-id=\"328f92c\" data-element_type=\"section\" data-e-type=\"section\">\n\t\t\t\t\t\t<div class=\"elementor-container elementor-column-gap-no\">\n\t\t\t\t\t<div class=\"elementor-column elementor-col-100 elementor-top-column elementor-element elementor-element-f13f959\" data-id=\"f13f959\" data-element_type=\"column\" data-e-type=\"column\">\n\t\t\t<div class=\"elementor-widget-wrap elementor-element-populated\">\n\t\t\t\t\t\t<div class=\"elementor-element elementor-element-b45622e elementor-widget elementor-widget-spacer\" data-id=\"b45622e\" data-element_type=\"widget\" data-e-type=\"widget\" data-widget_type=\"spacer.default\">\n\t\t\t\t<div class=\"elementor-widget-container\">\n\t\t\t\t\t\t\t<div class=\"elementor-spacer\">\n\t\t\t<div class=\"elementor-spacer-inner\"><\/div>\n\t\t<\/div>\n\t\t\t\t\t\t<\/div>\n\t\t\t\t<\/div>\n\t\t\t\t\t<\/div>\n\t\t<\/div>\n\t\t\t\t\t<\/div>\n\t\t<\/section>\n\t\t\t\t<section class=\"elementor-section elementor-top-section elementor-element elementor-element-a545b27 elementor-section-boxed elementor-section-height-default elementor-section-height-default\" data-id=\"a545b27\" data-element_type=\"section\" data-e-type=\"section\">\n\t\t\t\t\t\t<div class=\"elementor-container elementor-column-gap-no\">\n\t\t\t\t\t<div class=\"elementor-column elementor-col-100 elementor-top-column elementor-element elementor-element-5808b286\" data-id=\"5808b286\" data-element_type=\"column\" data-e-type=\"column\">\n\t\t\t<div class=\"elementor-widget-wrap elementor-element-populated\">\n\t\t\t\t\t\t<div class=\"elementor-element elementor-element-14841aea elementor-widget elementor-widget-heading\" data-id=\"14841aea\" data-element_type=\"widget\" data-e-type=\"widget\" data-widget_type=\"heading.default\">\n\t\t\t\t<div class=\"elementor-widget-container\">\n\t\t\t\t\t<h3 class=\"elementor-heading-title elementor-size-default\">Ch\u00fang t\u00f4i thu th\u1eadp nh\u1eefng th\u00f4ng tin g\u00ec?<\/h3>\t\t\t\t<\/div>\n\t\t\t\t<\/div>\n\t\t\t\t<div class=\"elementor-element elementor-element-6c9a4d21 elementor-widget elementor-widget-text-editor\" data-id=\"6c9a4d21\" data-element_type=\"widget\" data-e-type=\"widget\" data-widget_type=\"text-editor.default\">\n\t\t\t\t<div class=\"elementor-widget-container\">\n\t\t\t\t\t\t\t\t\tKhi b\u1ea1n t\u01b0\u01a1ng t\u00e1c v\u1edbi ch\u00fang t\u00f4i, ch\u00fang t\u00f4i c\u00f3 th\u1ec3 thu th\u1eadp t\u00ean, \u0111\u1ecba ch\u1ec9, \u0111\u1ecba ch\u1ec9 email, s\u1ed1 \u0111i\u1ec7n tho\u1ea1i c\u1ee7a b\u1ea1n v\u00e0, trong tr\u01b0\u1eddng h\u1ee3p c\u1ea7n thi\u1ebft, ng\u00e0y sinh c\u1ee7a b\u1ea1n.\n\t\t\t\t\t\t\t\t<\/div>\n\t\t\t\t<\/div>\n\t\t\t\t<div class=\"elementor-element elementor-element-4ae758dd elementor-widget elementor-widget-heading\" data-id=\"4ae758dd\" data-element_type=\"widget\" data-e-type=\"widget\" data-widget_type=\"heading.default\">\n\t\t\t\t<div class=\"elementor-widget-container\">\n\t\t\t\t\t<h3 class=\"elementor-heading-title elementor-size-default\">Ch\u00fang t\u00f4i thu th\u1eadp th\u00f4ng tin nh\u01b0 th\u1ebf n\u00e0o?<\/h3>\t\t\t\t<\/div>\n\t\t\t\t<\/div>\n\t\t\t\t<div class=\"elementor-element elementor-element-dd4410d elementor-widget elementor-widget-text-editor\" data-id=\"dd4410d\" data-element_type=\"widget\" data-e-type=\"widget\" data-widget_type=\"text-editor.default\">\n\t\t\t\t<div class=\"elementor-widget-container\">\n\t\t\t\t\t\t\t\t\tCh\u00fang t\u00f4i c\u00f3 th\u1ec3 thu th\u1eadp th\u00f4ng tin v\u1ec1 b\u1ea1n m\u1ed7i khi b\u1ea1n t\u01b0\u01a1ng t\u00e1c v\u1edbi ch\u00fang t\u00f4i. V\u00ed d\u1ee5, khi b\u1ea1n li\u00ean h\u1ec7 v\u1edbi ch\u00fang t\u00f4i v\u1ec1 c\u00e1c ho\u1ea1t \u0111\u1ed9ng c\u1ee7a ch\u00fang t\u00f4i, \u0111\u0103ng k\u00fd l\u00e0m ng\u01b0\u1eddi \u1ee7ng h\u1ed9, g\u1eedi ho\u1eb7c nh\u1eadn th\u00f4ng tin ho\u1eb7c k\u00fd t\u00ean v\u00e0o m\u1ed9t b\u1ea3n ki\u1ebfn ngh\u1ecb, b\u1ea1n \u0111\u00e3 ch\u1ee7 \u0111\u1ed9ng v\u00e0 bi\u1ebft r\u00f5 cung c\u1ea5p cho ch\u00fang t\u00f4i th\u00f4ng tin c\u00e1 nh\u00e2n c\u1ee7a m\u00ecnh. Ch\u00fang t\u00f4i c\u0169ng c\u00f3 th\u1ec3 nh\u1eadn th\u00f4ng tin v\u1ec1 b\u1ea1n t\u1eeb c\u00e1c b\u00ean th\u1ee9 ba \u2013 nh\u01b0ng ch\u1ec9 khi b\u1ea1n \u0111\u00e3 cho ph\u00e9p h\u1ecd chia s\u1ebb th\u00f4ng tin c\u1ee7a b\u1ea1n.\t\t\t\t\t\t\t\t<\/div>\n\t\t\t\t<\/div>\n\t\t\t\t<div class=\"elementor-element elementor-element-3b991c71 elementor-widget elementor-widget-heading\" data-id=\"3b991c71\" data-element_type=\"widget\" data-e-type=\"widget\" data-widget_type=\"heading.default\">\n\t\t\t\t<div class=\"elementor-widget-container\">\n\t\t\t\t\t<h3 class=\"elementor-heading-title elementor-size-default\">B\u1ea3o m\u1eadt<\/h3>\t\t\t\t<\/div>\n\t\t\t\t<\/div>\n\t\t\t\t<div class=\"elementor-element elementor-element-50a73d15 elementor-widget elementor-widget-text-editor\" data-id=\"50a73d15\" data-element_type=\"widget\" data-e-type=\"widget\" data-widget_type=\"text-editor.default\">\n\t\t\t\t<div class=\"elementor-widget-container\">\n\t\t\t\t\t\t\t\t\tCh\u00fang t\u00f4i s\u1ebd kh\u00f4ng ch\u1ecbu tr\u00e1ch nhi\u1ec7m v\u1ec1 vi\u1ec7c b\u1ea3o m\u1eadt d\u1eef li\u1ec7u \u0111\u01b0\u1ee3c thu th\u1eadp b\u1edfi c\u00e1c trang web kh\u00f4ng thu\u1ed9c s\u1edf h\u1eefu ho\u1eb7c qu\u1ea3n l\u00fd c\u1ee7a Charity, bao g\u1ed3m c\u1ea3 nh\u1eefng trang web \u0111\u01b0\u1ee3c li\u00ean k\u1ebft th\u00f4ng qua trang web c\u1ee7a ch\u00fang t\u00f4i.\t\t\t\t\t\t\t\t<\/div>\n\t\t\t\t<\/div>\n\t\t\t\t<div class=\"elementor-element elementor-element-1370da2b elementor-widget elementor-widget-heading\" data-id=\"1370da2b\" data-element_type=\"widget\" data-e-type=\"widget\" data-widget_type=\"heading.default\">\n\t\t\t\t<div class=\"elementor-widget-container\">\n\t\t\t\t\t<h3 class=\"elementor-heading-title elementor-size-default\">\u0110\u1ec7 tr\u00ecnh khi\u1ebfu n\u1ea1i<\/h3>\t\t\t\t<\/div>\n\t\t\t\t<\/div>\n\t\t\t\t<div class=\"elementor-element elementor-element-55026a23 elementor-widget elementor-widget-text-editor\" data-id=\"55026a23\" data-element_type=\"widget\" data-e-type=\"widget\" data-widget_type=\"text-editor.default\">\n\t\t\t\t<div class=\"elementor-widget-container\">\n\t\t\t\t\t\t\t\t\tN\u1ebfu qu\u00fd kh\u00e1ch kh\u00f4ng h\u00e0i l\u00f2ng v\u1edbi ph\u1ea3n h\u1ed3i, vui l\u00f2ng li\u00ean h\u1ec7 v\u1edbi ch\u00fang t\u00f4i qua email konstruktion@email.com k\u00e8m theo chi ti\u1ebft gi\u1ea3i th\u00edch v\u1ec1 m\u1ed1i quan ng\u1ea1i c\u1ee7a qu\u00fd kh\u00e1ch. Ch\u00fang t\u00f4i s\u1ebd xem x\u00e9t khi\u1ebfu n\u1ea1i c\u1ee7a qu\u00fd kh\u00e1ch, \u0111i\u1ec1u tra xem c\u00e1c quy tr\u00ecnh \u0111\u00fang \u0111\u1eafn \u0111\u00e3 \u0111\u01b0\u1ee3c tu\u00e2n th\u1ee7 hay ch\u01b0a v\u00e0 ph\u1ea3n h\u1ed3i l\u1ea1i cho qu\u00fd kh\u00e1ch m\u1ed9t c\u00e1ch ph\u00f9 h\u1ee3p. Ch\u00fang t\u00f4i cam k\u1ebft ho\u00e0n t\u1ea5t qu\u00e1 tr\u00ecnh \u0111i\u1ec1u tra trong v\u00f2ng 15 ng\u00e0y l\u00e0m vi\u1ec7c k\u1ec3 t\u1eeb khi nh\u1eadn \u0111\u01b0\u1ee3c khi\u1ebfu n\u1ea1i c\u1ee7a qu\u00fd kh\u00e1ch, tuy nhi\u00ean, trong m\u1ed9t s\u1ed1 tr\u01b0\u1eddng h\u1ee3p c\u00f3 th\u1ec3 m\u1ea5t nhi\u1ec1u th\u1eddi gian h\u01a1n. N\u1ebfu qu\u00fd kh\u00e1ch v\u1eabn kh\u00f4ng h\u00e0i l\u00f2ng v\u1edbi ph\u1ea3n h\u1ed3i, qu\u00fd kh\u00e1ch c\u00f3 th\u1ec3 li\u00ean h\u1ec7 l\u1ea1i v\u1edbi ch\u00fang t\u00f4i.\t\t\t\t\t\t\t\t<\/div>\n\t\t\t\t<\/div>\n\t\t\t\t\t<\/div>\n\t\t<\/div>\n\t\t\t\t\t<\/div>\n\t\t<\/section>\n\t\t\t\t<\/div>","protected":false},"excerpt":{"rendered":"<p>\/*! elementor &#8211; v3.10.2 &#8211; 29-01-2023 *\/ .elementor-column .elementor-spacer-inner{height:var(&#8211;spacer-size)}.e-con{&#8211;container-widget-width:100%}.e-con-inner&gt;.elementor-widget-spacer,.e-con&gt;.elementor-widget-spacer{width:var(&#8211;container-widget-width,var(&#8211;spacer-size));&#8211;align-self:var(&#8211;container-widget-align-self,initial);&#8211;flex-shrink:0}.e-con-inner&gt;.elementor-widget-spacer&gt;.elementor-widget-container,.e-con-inner&gt;.elementor-widget-spacer&gt;.elementor-widget-container&gt;.elementor-spacer,.e-con&gt;.elementor-widget-spacer&gt;.elementor-widget-container,.e-con&gt;.elementor-widget-spacer&gt;.elementor-widget-container&gt;.elementor-spacer{height:100%}.e-con-inner&gt;.elementor-widget-spacer&gt;.elementor-widget-container&gt;.elementor-spacer&gt;.elementor-spacer-inner,.e-con&gt;.elementor-widget-spacer&gt;.elementor-widget-container&gt;.elementor-spacer&gt;.elementor-spacer-inner{height:var(&#8211;container-widget-height,var(&#8211;spacer-size))} \/*! elementor &#8211; v3.10.2 &#8211; 29-01-2023 *\/ .elementor-heading-title{padding:0;margin:0;line-height:1}.elementor-widget-heading .elementor-heading-title[class*=elementor-size-]&gt;a{color:inherit;font-size:inherit;line-height:inherit}.elementor-widget-heading .elementor-heading-title.elementor-size-small{font-size:15px}.elementor-widget-heading .elementor-heading-title.elementor-size-medium{font-size:19px}.elementor-widget-heading .elementor-heading-title.elementor-size-large{font-size:29px}.elementor-widget-heading .elementor-heading-title.elementor-size-xl{font-size:39px}.elementor-widget-heading .elementor-heading-title.elementor-size-xxl{font-size:59px} What information do we collect? When you interact with us, we may collect your name, address, email address(es), telephone number(s), and, where appropriate, date of birth. How do we collect information? We&#8230;<\/p>\n","protected":false},"author":1,"featured_media":0,"parent":0,"menu_order":0,"comment_status":"closed","ping_status":"closed","template":"","meta":{"_acf_changed":false,"footnotes":""},"class_list":["post-2","page","type-page","status-publish","hentry"],"acf":[],"_links":{"self":[{"href":"https:\/\/cafein.vn\/vi\/wp-json\/wp\/v2\/pages\/2","targetHints":{"allow":["GET"]}}],"collection":[{"href":"https:\/\/cafein.vn\/vi\/wp-json\/wp\/v2\/pages"}],"about":[{"href":"https:\/\/cafein.vn\/vi\/wp-json\/wp\/v2\/types\/page"}],"author":[{"embeddable":true,"href":"https:\/\/cafein.vn\/vi\/wp-json\/wp\/v2\/users\/1"}],"replies":[{"embeddable":true,"href":"https:\/\/cafein.vn\/vi\/wp-json\/wp\/v2\/comments?post=2"}],"version-history":[{"count":0,"href":"https:\/\/cafein.vn\/vi\/wp-json\/wp\/v2\/pages\/2\/revisions"}],"wp:attachment":[{"href":"https:\/\/cafein.vn\/vi\/wp-json\/wp\/v2\/media?parent=2"}],"curies":[{"name":"wp","href":"https:\/\/api.w.org\/{rel}","templated":true}]}}