{"id":4832,"date":"2023-02-06T12:46:45","date_gmt":"2023-02-06T12:46:45","guid":{"rendered":"https:\/\/boucherie.vamtam.com\/?page_id=4832"},"modified":"2023-02-06T12:46:45","modified_gmt":"2023-02-06T12:46:45","slug":"blog","status":"publish","type":"page","link":"https:\/\/cafein.vn\/vi\/blog\/","title":{"rendered":"Blog"},"content":{"rendered":"<div data-elementor-type=\"wp-page\" data-elementor-id=\"4832\" class=\"elementor elementor-4832\" data-elementor-post-type=\"page\">\n\t\t\t\t\t\t<section class=\"elementor-section elementor-top-section elementor-element elementor-element-1a40f66 elementor-section-full_width elementor-section-height-default elementor-section-height-default\" data-id=\"1a40f66\" data-element_type=\"section\" data-e-type=\"section\">\n\t\t\t\t\t\t<div class=\"elementor-container elementor-column-gap-no\">\n\t\t\t\t\t<div class=\"elementor-column elementor-col-100 elementor-top-column elementor-element elementor-element-f027d68\" data-id=\"f027d68\" data-element_type=\"column\" data-e-type=\"column\">\n\t\t\t<div class=\"elementor-widget-wrap elementor-element-populated\">\n\t\t\t\t\t\t<div class=\"elementor-element elementor-element-d8fdac6 elementor-widget elementor-widget-spacer\" data-id=\"d8fdac6\" data-element_type=\"widget\" data-e-type=\"widget\" data-widget_type=\"spacer.default\">\n\t\t\t\t<div class=\"elementor-widget-container\">\n\t\t\t\t\t\t\t<div class=\"elementor-spacer\">\n\t\t\t<div class=\"elementor-spacer-inner\"><\/div>\n\t\t<\/div>\n\t\t\t\t\t\t<\/div>\n\t\t\t\t<\/div>\n\t\t\t\t\t<\/div>\n\t\t<\/div>\n\t\t\t\t\t<\/div>\n\t\t<\/section>\n\t\t\t\t<section class=\"elementor-section elementor-top-section elementor-element elementor-element-54796a1c elementor-hidden-mobile elementor-section-boxed elementor-section-height-default elementor-section-height-default\" data-id=\"54796a1c\" data-element_type=\"section\" data-e-type=\"section\">\n\t\t\t\t\t\t<div class=\"elementor-container elementor-column-gap-no\">\n\t\t\t\t\t<div class=\"elementor-column elementor-col-100 elementor-top-column elementor-element elementor-element-2b616a69\" data-id=\"2b616a69\" data-element_type=\"column\" data-e-type=\"column\">\n\t\t\t<div class=\"elementor-widget-wrap elementor-element-populated\">\n\t\t\t\t\t\t<div class=\"vamtam-has-theme-widget-styles elementor-element elementor-element-43c78d06 elementor-grid-1 elementor-posts--thumbnail-right elementor-grid-tablet-1 elementor-grid-mobile-1 vamtam-has-title-underline-anim elementor-widget elementor-widget-posts\" data-id=\"43c78d06\" data-element_type=\"widget\" data-e-type=\"widget\" data-settings=\"{&quot;vamtam_classic_columns&quot;:&quot;1&quot;,&quot;vamtam_classic_row_gap&quot;:{&quot;unit&quot;:&quot;px&quot;,&quot;size&quot;:0,&quot;sizes&quot;:[]},&quot;vamtam_classic_columns_tablet&quot;:&quot;1&quot;,&quot;vamtam_classic_columns_mobile&quot;:&quot;1&quot;,&quot;vamtam_classic_row_gap_tablet&quot;:{&quot;unit&quot;:&quot;px&quot;,&quot;size&quot;:&quot;&quot;,&quot;sizes&quot;:[]},&quot;vamtam_classic_row_gap_mobile&quot;:{&quot;unit&quot;:&quot;px&quot;,&quot;size&quot;:&quot;&quot;,&quot;sizes&quot;:[]}}\" data-widget_type=\"posts.vamtam_classic\">\n\t\t\t\t<div class=\"elementor-widget-container\">\n\t\t\t\t\t\t\t<div class=\"elementor-posts-container elementor-posts elementor-posts--skin-vamtam_classic elementor-grid\" role=\"list\">\n\t\t\t\t<article class=\"elementor-post elementor-grid-item post-5466 post type-post status-publish format-standard has-post-thumbnail hentry category-recipes tag-15-minute-meals tag-bbq tag-brunch\" role=\"listitem\">\n\t\t\t\t<a class=\"elementor-post__thumbnail__link\" href=\"https:\/\/cafein.vn\/vi\/2023\/02\/09\/lamb-satay-skewers\/\" tabindex=\"-1\" >\n\t\t\t<div class=\"elementor-post__thumbnail\"><img fetchpriority=\"high\" decoding=\"async\" width=\"686\" height=\"1152\" src=\"https:\/\/cafein.vn\/wp-content\/uploads\/2023\/02\/pexels-william-choquette-2641886.jpg\" class=\"attachment-full size-full wp-image-5467\" alt=\"\" srcset=\"https:\/\/cafein.vn\/wp-content\/uploads\/2023\/02\/pexels-william-choquette-2641886.jpg 686w, https:\/\/cafein.vn\/wp-content\/uploads\/2023\/02\/pexels-william-choquette-2641886-179x300.jpg 179w, https:\/\/cafein.vn\/wp-content\/uploads\/2023\/02\/pexels-william-choquette-2641886-610x1024.jpg 610w\" sizes=\"(max-width: 686px) 100vw, 686px\" \/><\/div>\n\t\t<\/a>\n\t\t\t\t<div class=\"elementor-post__text\">\n\t\t\t\t<h3 class=\"elementor-post__title\">\n\t\t\t<a href=\"https:\/\/cafein.vn\/vi\/2023\/02\/09\/lamb-satay-skewers\/\" >\n\t\t\t\tXi\u00ean th\u1ecbt c\u1eebu Satay\t\t\t<\/a>\n\t\t<\/h3>\n\t\t\t\t<div class=\"elementor-post__excerpt\">\n\t\t\t<p>B\u1eaft \u0111\u1ea7u v\u1edbi m\u1ed9t chai s\u1ed1t v\u00e0 th\u00eam m\u1ed9t v\u00e0i nguy\u00ean li\u1ec7u l\u00e0 c\u00e1ch tuy\u1ec7t v\u1eddi \u0111\u1ec3 ti\u1ebft ki\u1ec7m th\u1eddi gian v\u00e0 t\u1ed1i \u01b0u h\u00f3a ng\u00e2n s\u00e1ch. \u1ede \u0111\u00e2y, s\u1ed1t \u0111\u1eadu ph\u1ed9ng satay \u0111\u00e3 \u0111\u01b0\u1ee3c ch\u1ebf bi\u1ebfn s\u1eb5n.<\/p>\n\t\t<\/div>\n\t\t\t\t<\/div>\n\t\t\t\t<\/article>\n\t\t\t\t<\/div>\n\t\t\n\t\t\t\t\t\t<\/div>\n\t\t\t\t<\/div>\n\t\t\t\t\t<\/div>\n\t\t<\/div>\n\t\t\t\t\t<\/div>\n\t\t<\/section>\n\t\t\t\t<section class=\"elementor-section elementor-top-section elementor-element elementor-element-7f974deb elementor-hidden-desktop elementor-hidden-tablet elementor-section-boxed elementor-section-height-default elementor-section-height-default\" data-id=\"7f974deb\" data-element_type=\"section\" data-e-type=\"section\">\n\t\t\t\t\t\t<div class=\"elementor-container elementor-column-gap-no\">\n\t\t\t\t\t<div class=\"elementor-column elementor-col-100 elementor-top-column elementor-element elementor-element-40738c3c\" data-id=\"40738c3c\" data-element_type=\"column\" data-e-type=\"column\">\n\t\t\t<div class=\"elementor-widget-wrap elementor-element-populated\">\n\t\t\t\t\t\t<div class=\"vamtam-has-theme-widget-styles elementor-element elementor-element-4770d83a elementor-grid-1 elementor-grid-tablet-1 elementor-grid-mobile-1 elementor-posts--thumbnail-top vamtam-has-title-underline-anim vamtam-has-read-more-theme-style elementor-widget elementor-widget-posts\" data-id=\"4770d83a\" data-element_type=\"widget\" data-e-type=\"widget\" data-settings=\"{&quot;vamtam_classic_columns&quot;:&quot;1&quot;,&quot;vamtam_classic_row_gap&quot;:{&quot;unit&quot;:&quot;px&quot;,&quot;size&quot;:0,&quot;sizes&quot;:[]},&quot;vamtam_classic_columns_tablet&quot;:&quot;1&quot;,&quot;vamtam_classic_columns_mobile&quot;:&quot;1&quot;,&quot;vamtam_classic_row_gap_tablet&quot;:{&quot;unit&quot;:&quot;px&quot;,&quot;size&quot;:&quot;&quot;,&quot;sizes&quot;:[]},&quot;vamtam_classic_row_gap_mobile&quot;:{&quot;unit&quot;:&quot;px&quot;,&quot;size&quot;:&quot;&quot;,&quot;sizes&quot;:[]}}\" data-widget_type=\"posts.vamtam_classic\">\n\t\t\t\t<div class=\"elementor-widget-container\">\n\t\t\t\t\t\t\t<div class=\"elementor-posts-container elementor-posts elementor-posts--skin-vamtam_classic elementor-grid\" role=\"list\">\n\t\t\t\t<article class=\"elementor-post elementor-grid-item post-5466 post type-post status-publish format-standard has-post-thumbnail hentry category-recipes tag-15-minute-meals tag-bbq tag-brunch\" role=\"listitem\">\n\t\t\t\t<a class=\"elementor-post__thumbnail__link\" href=\"https:\/\/cafein.vn\/vi\/2023\/02\/09\/lamb-satay-skewers\/\" tabindex=\"-1\" >\n\t\t\t<div class=\"elementor-post__thumbnail\"><img fetchpriority=\"high\" decoding=\"async\" width=\"686\" height=\"1152\" src=\"https:\/\/cafein.vn\/wp-content\/uploads\/2023\/02\/pexels-william-choquette-2641886.jpg\" class=\"attachment-full size-full wp-image-5467\" alt=\"\" srcset=\"https:\/\/cafein.vn\/wp-content\/uploads\/2023\/02\/pexels-william-choquette-2641886.jpg 686w, https:\/\/cafein.vn\/wp-content\/uploads\/2023\/02\/pexels-william-choquette-2641886-179x300.jpg 179w, https:\/\/cafein.vn\/wp-content\/uploads\/2023\/02\/pexels-william-choquette-2641886-610x1024.jpg 610w\" sizes=\"(max-width: 686px) 100vw, 686px\" \/><\/div>\n\t\t<\/a>\n\t\t\t\t<div class=\"elementor-post__text\">\n\t\t\t\t<h3 class=\"elementor-post__title\">\n\t\t\t<a href=\"https:\/\/cafein.vn\/vi\/2023\/02\/09\/lamb-satay-skewers\/\" >\n\t\t\t\tXi\u00ean th\u1ecbt c\u1eebu Satay\t\t\t<\/a>\n\t\t<\/h3>\n\t\t\t\t<div class=\"elementor-post__excerpt\">\n\t\t\t<p>B\u1eaft \u0111\u1ea7u v\u1edbi m\u1ed9t chai s\u1ed1t v\u00e0 th\u00eam m\u1ed9t v\u00e0i nguy\u00ean li\u1ec7u l\u00e0 c\u00e1ch tuy\u1ec7t v\u1eddi \u0111\u1ec3 ti\u1ebft ki\u1ec7m th\u1eddi gian v\u00e0 t\u1ed1i \u01b0u h\u00f3a ng\u00e2n s\u00e1ch. \u1ede \u0111\u00e2y, s\u1ed1t \u0111\u1eadu ph\u1ed9ng satay \u0111\u00e3 \u0111\u01b0\u1ee3c ch\u1ebf bi\u1ebfn s\u1eb5n.<\/p>\n\t\t<\/div>\n\t\t\t\t<\/div>\n\t\t\t\t<\/article>\n\t\t\t\t<\/div>\n\t\t\n\t\t\t\t\t\t<\/div>\n\t\t\t\t<\/div>\n\t\t\t\t\t<\/div>\n\t\t<\/div>\n\t\t\t\t\t<\/div>\n\t\t<\/section>\n\t\t\t\t<section class=\"elementor-section elementor-top-section elementor-element elementor-element-64d2c92 elementor-section-boxed elementor-section-height-default elementor-section-height-default\" data-id=\"64d2c92\" data-element_type=\"section\" data-e-type=\"section\">\n\t\t\t\t\t\t<div class=\"elementor-container elementor-column-gap-no\">\n\t\t\t\t\t<div class=\"elementor-column elementor-col-100 elementor-top-column elementor-element elementor-element-3eb4919\" data-id=\"3eb4919\" data-element_type=\"column\" data-e-type=\"column\">\n\t\t\t<div class=\"elementor-widget-wrap elementor-element-populated\">\n\t\t\t\t\t\t<div data-dce-background-color=\"#02010100\" class=\"vamtam-has-theme-widget-styles elementor-element elementor-element-62d95f1 elementor-grid-tablet-3 elementor-grid-3 elementor-grid-mobile-1 elementor-posts--thumbnail-top vamtam-has-title-underline-anim vamtam-has-read-more-theme-style load-more-align-center elementor-widget elementor-widget-posts\" data-id=\"62d95f1\" data-element_type=\"widget\" data-e-type=\"widget\" data-settings=\"{&quot;vamtam_classic_row_gap&quot;:{&quot;unit&quot;:&quot;px&quot;,&quot;size&quot;:80,&quot;sizes&quot;:[]},&quot;vamtam_classic_row_gap_tablet&quot;:{&quot;unit&quot;:&quot;px&quot;,&quot;size&quot;:30,&quot;sizes&quot;:[]},&quot;vamtam_classic_row_gap_mobile&quot;:{&quot;unit&quot;:&quot;px&quot;,&quot;size&quot;:35,&quot;sizes&quot;:[]},&quot;vamtam_classic_columns_tablet&quot;:&quot;3&quot;,&quot;pagination_type&quot;:&quot;load_more_on_click&quot;,&quot;vamtam_classic_columns&quot;:&quot;3&quot;,&quot;vamtam_classic_columns_mobile&quot;:&quot;1&quot;,&quot;load_more_spinner&quot;:{&quot;value&quot;:&quot;fas fa-spinner&quot;,&quot;library&quot;:&quot;fa-solid&quot;}}\" data-widget_type=\"posts.vamtam_classic\">\n\t\t\t\t<div class=\"elementor-widget-container\">\n\t\t\t\t\t\t\t<div class=\"elementor-posts-container elementor-posts elementor-posts--skin-vamtam_classic elementor-grid\" role=\"list\">\n\t\t\t\t<article class=\"elementor-post elementor-grid-item post-5459 post type-post status-publish format-standard has-post-thumbnail hentry category-recipes tag-15-minute-meals tag-asian-food\" role=\"listitem\">\n\t\t\t\t<a class=\"elementor-post__thumbnail__link\" href=\"https:\/\/cafein.vn\/vi\/2023\/02\/09\/asian-vegetable-soup-with-noodles\/\" tabindex=\"-1\" >\n\t\t\t<div class=\"elementor-post__thumbnail\"><img decoding=\"async\" width=\"686\" height=\"1152\" src=\"https:\/\/cafein.vn\/wp-content\/uploads\/2023\/02\/pexels-steve-3789885.jpg\" class=\"attachment-full size-full wp-image-5460\" alt=\"\" srcset=\"https:\/\/cafein.vn\/wp-content\/uploads\/2023\/02\/pexels-steve-3789885.jpg 686w, https:\/\/cafein.vn\/wp-content\/uploads\/2023\/02\/pexels-steve-3789885-179x300.jpg 179w, https:\/\/cafein.vn\/wp-content\/uploads\/2023\/02\/pexels-steve-3789885-610x1024.jpg 610w\" sizes=\"(max-width: 686px) 100vw, 686px\" \/><\/div>\n\t\t<\/a>\n\t\t\t\t\t<div class=\"elementor-post__meta-data\">\n\t\t\t\t\t\t\t<div class=\"vamtam-post__categories\">\n\t\t\t\t<a href=\"https:\/\/cafein.vn\/vi\/category\/recipes\/\" rel=\"category tag\">C\u00f4ng th\u1ee9c n\u1ea5u \u0103n<\/a>\t\t\t<\/div>\n\t\t\t\t\t\t<\/div>\n\t\t\t\t\t<div class=\"elementor-post__text\">\n\t\t\t\t<h3 class=\"elementor-post__title\">\n\t\t\t<a href=\"https:\/\/cafein.vn\/vi\/2023\/02\/09\/asian-vegetable-soup-with-noodles\/\" >\n\t\t\t\tS\u00fap rau c\u1ee7 ch\u00e2u \u00c1 v\u1edbi m\u00ec\t\t\t<\/a>\n\t\t<\/h3>\n\t\t\t\t<\/div>\n\t\t\t\t<\/article>\n\t\t\t\t<article class=\"elementor-post elementor-grid-item post-5422 post type-post status-publish format-standard has-post-thumbnail hentry category-recipes tag-beef tag-organic-meats\" role=\"listitem\">\n\t\t\t\t<a class=\"elementor-post__thumbnail__link\" href=\"https:\/\/cafein.vn\/vi\/2023\/02\/09\/beef-wellington\/\" tabindex=\"-1\" >\n\t\t\t<div class=\"elementor-post__thumbnail\"><img decoding=\"async\" width=\"686\" height=\"1152\" src=\"https:\/\/cafein.vn\/wp-content\/uploads\/2023\/02\/pexels-sebastian-coman-photography-3659862-2.jpg\" class=\"attachment-full size-full wp-image-5423\" alt=\"\" srcset=\"https:\/\/cafein.vn\/wp-content\/uploads\/2023\/02\/pexels-sebastian-coman-photography-3659862-2.jpg 686w, https:\/\/cafein.vn\/wp-content\/uploads\/2023\/02\/pexels-sebastian-coman-photography-3659862-2-179x300.jpg 179w, https:\/\/cafein.vn\/wp-content\/uploads\/2023\/02\/pexels-sebastian-coman-photography-3659862-2-610x1024.jpg 610w\" sizes=\"(max-width: 686px) 100vw, 686px\" \/><\/div>\n\t\t<\/a>\n\t\t\t\t\t<div class=\"elementor-post__meta-data\">\n\t\t\t\t\t\t\t<div class=\"vamtam-post__categories\">\n\t\t\t\t<a href=\"https:\/\/cafein.vn\/vi\/category\/recipes\/\" rel=\"category tag\">C\u00f4ng th\u1ee9c n\u1ea5u \u0103n<\/a>\t\t\t<\/div>\n\t\t\t\t\t\t<\/div>\n\t\t\t\t\t<div class=\"elementor-post__text\">\n\t\t\t\t<h3 class=\"elementor-post__title\">\n\t\t\t<a href=\"https:\/\/cafein.vn\/vi\/2023\/02\/09\/beef-wellington\/\" >\n\t\t\t\tTh\u1ecbt b\u00f2 Wellington\t\t\t<\/a>\n\t\t<\/h3>\n\t\t\t\t<\/div>\n\t\t\t\t<\/article>\n\t\t\t\t<article class=\"elementor-post elementor-grid-item post-5410 post type-post status-publish format-standard has-post-thumbnail hentry category-recipes tag-beef tag-organic-meats\" role=\"listitem\">\n\t\t\t\t<a class=\"elementor-post__thumbnail__link\" href=\"https:\/\/cafein.vn\/vi\/2023\/02\/09\/perfect-roast-beef\/\" tabindex=\"-1\" >\n\t\t\t<div class=\"elementor-post__thumbnail\"><img loading=\"lazy\" decoding=\"async\" width=\"686\" height=\"1152\" src=\"https:\/\/cafein.vn\/wp-content\/uploads\/2023\/02\/pexels-rachel-claire-8112967.jpg\" class=\"attachment-full size-full wp-image-5411\" alt=\"\" srcset=\"https:\/\/cafein.vn\/wp-content\/uploads\/2023\/02\/pexels-rachel-claire-8112967.jpg 686w, https:\/\/cafein.vn\/wp-content\/uploads\/2023\/02\/pexels-rachel-claire-8112967-179x300.jpg 179w, https:\/\/cafein.vn\/wp-content\/uploads\/2023\/02\/pexels-rachel-claire-8112967-610x1024.jpg 610w\" sizes=\"(max-width: 686px) 100vw, 686px\" \/><\/div>\n\t\t<\/a>\n\t\t\t\t\t<div class=\"elementor-post__meta-data\">\n\t\t\t\t\t\t\t<div class=\"vamtam-post__categories\">\n\t\t\t\t<a href=\"https:\/\/cafein.vn\/vi\/category\/recipes\/\" rel=\"category tag\">C\u00f4ng th\u1ee9c n\u1ea5u \u0103n<\/a>\t\t\t<\/div>\n\t\t\t\t\t\t<\/div>\n\t\t\t\t\t<div class=\"elementor-post__text\">\n\t\t\t\t<h3 class=\"elementor-post__title\">\n\t\t\t<a href=\"https:\/\/cafein.vn\/vi\/2023\/02\/09\/perfect-roast-beef\/\" >\n\t\t\t\tTh\u1ecbt b\u00f2 n\u01b0\u1edbng ho\u00e0n h\u1ea3o\t\t\t<\/a>\n\t\t<\/h3>\n\t\t\t\t<\/div>\n\t\t\t\t<\/article>\n\t\t\t\t<article class=\"elementor-post elementor-grid-item post-5358 post type-post status-publish format-standard has-post-thumbnail hentry category-recipes tag-15-minute-meals tag-brunch\" role=\"listitem\">\n\t\t\t\t<a class=\"elementor-post__thumbnail__link\" href=\"https:\/\/cafein.vn\/vi\/2023\/02\/09\/air-fryer-poached-egg-avocado-smash-toast\/\" tabindex=\"-1\" >\n\t\t\t<div class=\"elementor-post__thumbnail\"><img loading=\"lazy\" decoding=\"async\" width=\"686\" height=\"1152\" src=\"https:\/\/cafein.vn\/wp-content\/uploads\/2023\/02\/pexels-kyle-roxas-2122294-1.jpg\" class=\"attachment-full size-full wp-image-5359\" alt=\"\" srcset=\"https:\/\/cafein.vn\/wp-content\/uploads\/2023\/02\/pexels-kyle-roxas-2122294-1.jpg 686w, https:\/\/cafein.vn\/wp-content\/uploads\/2023\/02\/pexels-kyle-roxas-2122294-1-179x300.jpg 179w, https:\/\/cafein.vn\/wp-content\/uploads\/2023\/02\/pexels-kyle-roxas-2122294-1-610x1024.jpg 610w\" sizes=\"(max-width: 686px) 100vw, 686px\" \/><\/div>\n\t\t<\/a>\n\t\t\t\t\t<div class=\"elementor-post__meta-data\">\n\t\t\t\t\t\t\t<div class=\"vamtam-post__categories\">\n\t\t\t\t<a href=\"https:\/\/cafein.vn\/vi\/category\/recipes\/\" rel=\"category tag\">C\u00f4ng th\u1ee9c n\u1ea5u \u0103n<\/a>\t\t\t<\/div>\n\t\t\t\t\t\t<\/div>\n\t\t\t\t\t<div class=\"elementor-post__text\">\n\t\t\t\t<h3 class=\"elementor-post__title\">\n\t\t\t<a href=\"https:\/\/cafein.vn\/vi\/2023\/02\/09\/air-fryer-poached-egg-avocado-smash-toast\/\" >\n\t\t\t\tB\u00e1nh m\u00ec n\u01b0\u1edbng v\u1edbi tr\u1ee9ng lu\u1ed9c v\u00e0 b\u01a1 avocado nghi\u1ec1n b\u1eb1ng n\u1ed3i chi\u00ean kh\u00f4ng d\u1ea7u\t\t\t<\/a>\n\t\t<\/h3>\n\t\t\t\t<\/div>\n\t\t\t\t<\/article>\n\t\t\t\t<article class=\"elementor-post elementor-grid-item post-4829 post type-post status-publish format-standard has-post-thumbnail hentry category-recipes tag-bbq tag-best-meats\" role=\"listitem\">\n\t\t\t\t<a class=\"elementor-post__thumbnail__link\" href=\"https:\/\/cafein.vn\/vi\/2023\/02\/06\/40-truly-amazing-bbq-recipes-yum\/\" tabindex=\"-1\" >\n\t\t\t<div class=\"elementor-post__thumbnail\"><img loading=\"lazy\" decoding=\"async\" width=\"686\" height=\"1152\" src=\"https:\/\/cafein.vn\/wp-content\/uploads\/2023\/02\/pexels-desativado-2491273.jpg\" class=\"attachment-full size-full wp-image-5350\" alt=\"\" srcset=\"https:\/\/cafein.vn\/wp-content\/uploads\/2023\/02\/pexels-desativado-2491273.jpg 686w, https:\/\/cafein.vn\/wp-content\/uploads\/2023\/02\/pexels-desativado-2491273-179x300.jpg 179w, https:\/\/cafein.vn\/wp-content\/uploads\/2023\/02\/pexels-desativado-2491273-610x1024.jpg 610w\" sizes=\"(max-width: 686px) 100vw, 686px\" \/><\/div>\n\t\t<\/a>\n\t\t\t\t\t<div class=\"elementor-post__meta-data\">\n\t\t\t\t\t\t\t<div class=\"vamtam-post__categories\">\n\t\t\t\t<a href=\"https:\/\/cafein.vn\/vi\/category\/recipes\/\" rel=\"category tag\">C\u00f4ng th\u1ee9c n\u1ea5u \u0103n<\/a>\t\t\t<\/div>\n\t\t\t\t\t\t<\/div>\n\t\t\t\t\t<div class=\"elementor-post__text\">\n\t\t\t\t<h3 class=\"elementor-post__title\">\n\t\t\t<a href=\"https:\/\/cafein.vn\/vi\/2023\/02\/06\/40-truly-amazing-bbq-recipes-yum\/\" >\n\t\t\t\t40 C\u00f4ng th\u1ee9c n\u01b0\u1edbng BBQ tuy\u1ec7t v\u1eddi! Ngon tuy\u1ec7t!\t\t\t<\/a>\n\t\t<\/h3>\n\t\t\t\t<\/div>\n\t\t\t\t<\/article>\n\t\t\t\t<article class=\"elementor-post elementor-grid-item post-4826 post type-post status-publish format-standard has-post-thumbnail hentry category-recipes tag-15-minute-meals tag-asian-food\" role=\"listitem\">\n\t\t\t\t<a class=\"elementor-post__thumbnail__link\" href=\"https:\/\/cafein.vn\/vi\/2023\/02\/06\/the-egg-recipes-that-define-asian-cuisine\/\" tabindex=\"-1\" >\n\t\t\t<div class=\"elementor-post__thumbnail\"><img loading=\"lazy\" decoding=\"async\" width=\"686\" height=\"1152\" src=\"https:\/\/cafein.vn\/wp-content\/uploads\/2023\/02\/pexels-dorukhan-pekcan-14987828.jpg\" class=\"attachment-full size-full wp-image-5351\" alt=\"\" srcset=\"https:\/\/cafein.vn\/wp-content\/uploads\/2023\/02\/pexels-dorukhan-pekcan-14987828.jpg 686w, https:\/\/cafein.vn\/wp-content\/uploads\/2023\/02\/pexels-dorukhan-pekcan-14987828-179x300.jpg 179w, https:\/\/cafein.vn\/wp-content\/uploads\/2023\/02\/pexels-dorukhan-pekcan-14987828-610x1024.jpg 610w\" sizes=\"(max-width: 686px) 100vw, 686px\" \/><\/div>\n\t\t<\/a>\n\t\t\t\t\t<div class=\"elementor-post__meta-data\">\n\t\t\t\t\t\t\t<div class=\"vamtam-post__categories\">\n\t\t\t\t<a href=\"https:\/\/cafein.vn\/vi\/category\/recipes\/\" rel=\"category tag\">C\u00f4ng th\u1ee9c n\u1ea5u \u0103n<\/a>\t\t\t<\/div>\n\t\t\t\t\t\t<\/div>\n\t\t\t\t\t<div class=\"elementor-post__text\">\n\t\t\t\t<h3 class=\"elementor-post__title\">\n\t\t\t<a href=\"https:\/\/cafein.vn\/vi\/2023\/02\/06\/the-egg-recipes-that-define-asian-cuisine\/\" >\n\t\t\t\tC\u00e1c c\u00f4ng th\u1ee9c n\u1ea5u \u0103n v\u1edbi tr\u1ee9ng \u0111\u1ecbnh h\u00ecnh \u1ea9m th\u1ef1c ch\u00e2u \u00c1\t\t\t<\/a>\n\t\t<\/h3>\n\t\t\t\t<\/div>\n\t\t\t\t<\/article>\n\t\t\t\t<\/div>\n\t\t\t\t\t<span class=\"e-load-more-spinner\">\n\t\t\t\t<i aria-hidden=\"true\" class=\"fas fa-spinner\"><\/i>\t\t\t<\/span>\n\t\t\n\t\t\t\t<div class=\"e-load-more-anchor\" data-page=\"1\" data-max-page=\"2\" data-next-page=\"https:\/\/cafein.vn\/vi\/wp-json\/wp\/v2\/pages\/4832\/page\/2\/\"><\/div>\n\t\t\t\t<div class=\"elementor-button-wrapper\">\n\t\t\t<a class=\"elementor-button elementor-size-sm\" role=\"button\">\n\t\t\t\t\t\t<span class=\"elementor-button-content-wrapper\">\n\t\t\t\t\t\t\t\t\t<span class=\"elementor-button-text\">T\u1ea3i th\u00eam<\/span>\n\t\t\t\t\t<\/span>\n\t\t\t\t\t<\/a>\n\t\t<\/div>\n\t\t\t\t<div class=\"e-load-more-message\"><\/div>\n\t\t\t\t\t\t<\/div>\n\t\t\t\t<\/div>\n\t\t\t\t\t<\/div>\n\t\t<\/div>\n\t\t\t\t\t<\/div>\n\t\t<\/section>\n\t\t\t\t<\/div>","protected":false},"excerpt":{"rendered":"<p>\/*! elementor &#8211; v3.10.2 &#8211; 29-01-2023 *\/ .elementor-column .elementor-spacer-inner{height:var(&#8211;spacer-size)}.e-con{&#8211;container-widget-width:100%}.e-con-inner&gt;.elementor-widget-spacer,.e-con&gt;.elementor-widget-spacer{width:var(&#8211;container-widget-width,var(&#8211;spacer-size));&#8211;align-self:var(&#8211;container-widget-align-self,initial);&#8211;flex-shrink:0}.e-con-inner&gt;.elementor-widget-spacer&gt;.elementor-widget-container,.e-con-inner&gt;.elementor-widget-spacer&gt;.elementor-widget-container&gt;.elementor-spacer,.e-con&gt;.elementor-widget-spacer&gt;.elementor-widget-container,.e-con&gt;.elementor-widget-spacer&gt;.elementor-widget-container&gt;.elementor-spacer{height:100%}.e-con-inner&gt;.elementor-widget-spacer&gt;.elementor-widget-container&gt;.elementor-spacer&gt;.elementor-spacer-inner,.e-con&gt;.elementor-widget-spacer&gt;.elementor-widget-container&gt;.elementor-spacer&gt;.elementor-spacer-inner{height:var(&#8211;container-widget-height,var(&#8211;spacer-size))}<\/p>","protected":false},"author":1,"featured_media":0,"parent":0,"menu_order":0,"comment_status":"closed","ping_status":"closed","template":"","meta":{"_acf_changed":false,"footnotes":""},"class_list":["post-4832","page","type-page","status-publish","hentry"],"acf":[],"_links":{"self":[{"href":"https:\/\/cafein.vn\/vi\/wp-json\/wp\/v2\/pages\/4832","targetHints":{"allow":["GET"]}}],"collection":[{"href":"https:\/\/cafein.vn\/vi\/wp-json\/wp\/v2\/pages"}],"about":[{"href":"https:\/\/cafein.vn\/vi\/wp-json\/wp\/v2\/types\/page"}],"author":[{"embeddable":true,"href":"https:\/\/cafein.vn\/vi\/wp-json\/wp\/v2\/users\/1"}],"replies":[{"embeddable":true,"href":"https:\/\/cafein.vn\/vi\/wp-json\/wp\/v2\/comments?post=4832"}],"version-history":[{"count":0,"href":"https:\/\/cafein.vn\/vi\/wp-json\/wp\/v2\/pages\/4832\/revisions"}],"wp:attachment":[{"href":"https:\/\/cafein.vn\/vi\/wp-json\/wp\/v2\/media?parent=4832"}],"curies":[{"name":"wp","href":"https:\/\/api.w.org\/{rel}","templated":true}]}}